{"id":285,"date":"2026-02-04T15:44:53","date_gmt":"2026-02-04T14:44:53","guid":{"rendered":"http:\/\/new2.ff-einbeck.de\/?page_id=285"},"modified":"2026-03-18T14:38:58","modified_gmt":"2026-03-18T13:38:58","slug":"zuege-und-gruppen","status":"publish","type":"page","link":"https:\/\/www.feuerwehr-einbeck.de\/?page_id=285","title":{"rendered":"Z\u00fcge und Gruppen"},"content":{"rendered":"\n\n","protected":false},"excerpt":{"rendered":"","protected":false},"author":2,"featured_media":0,"parent":0,"menu_order":0,"comment_status":"closed","ping_status":"closed","template":"","meta":{"saved_in_kubio":true,"footnotes":""},"class_list":["post-285","page","type-page","status-publish","hentry"],"kubio_ai_page_context":{"short_desc":"Im oberenen Abschnitt Feld f\u00fcr Allgemeine Informationen und wo die Struktur erkl\u00e4rt wird. Dann Aufbau wie ein Organigram. Oben ein Feld 1. Zug daneben 1 Feld 2. Zug und darunter dann 4 Felder f\u00fcr jede gruppe","purpose":"team","isFrontPage":false},"_links":{"self":[{"href":"https:\/\/www.feuerwehr-einbeck.de\/index.php?rest_route=\/wp\/v2\/pages\/285","targetHints":{"allow":["GET"]}}],"collection":[{"href":"https:\/\/www.feuerwehr-einbeck.de\/index.php?rest_route=\/wp\/v2\/pages"}],"about":[{"href":"https:\/\/www.feuerwehr-einbeck.de\/index.php?rest_route=\/wp\/v2\/types\/page"}],"author":[{"embeddable":true,"href":"https:\/\/www.feuerwehr-einbeck.de\/index.php?rest_route=\/wp\/v2\/users\/2"}],"replies":[{"embeddable":true,"href":"https:\/\/www.feuerwehr-einbeck.de\/index.php?rest_route=%2Fwp%2Fv2%2Fcomments&post=285"}],"version-history":[{"count":20,"href":"https:\/\/www.feuerwehr-einbeck.de\/index.php?rest_route=\/wp\/v2\/pages\/285\/revisions"}],"predecessor-version":[{"id":996,"href":"https:\/\/www.feuerwehr-einbeck.de\/index.php?rest_route=\/wp\/v2\/pages\/285\/revisions\/996"}],"wp:attachment":[{"href":"https:\/\/www.feuerwehr-einbeck.de\/index.php?rest_route=%2Fwp%2Fv2%2Fmedia&parent=285"}],"curies":[{"name":"wp","href":"https:\/\/api.w.org\/{rel}","templated":true}]}}